{"id":24,"date":"2019-08-24T21:50:40","date_gmt":"2019-08-24T19:50:40","guid":{"rendered":"http:\/\/www.test-musique-et-mission.ch\/wp52\/?page_id=24"},"modified":"2025-03-23T10:49:54","modified_gmt":"2025-03-23T09:49:54","slug":"messe-des-jeunes","status":"publish","type":"page","link":"https:\/\/www.musique-et-mission.ch\/index.php\/messe-des-jeunes\/","title":{"rendered":"Messe des jeunes"},"content":{"rendered":"\n<p id=\"docs-internal-guid-fa4a8712-7fff-5307-1bfe-a93c8d3f40fe\">La messe des jeunes de Lausanne, n\u00e9e &#8211; ou ren\u00e9e &#8211; en 2016, est une messe dominicale, paroissiale, hebdomadaire, s\u00e9dentaire, ayant lieu \u00e0 19h30, \u00e0 l&rsquo;\u00e9glise Saint Fran\u00e7ois d&rsquo;Assise, \u00e0 Renens.<\/p>\n\n\n\n<p>Il s\u2019agit d\u2019une messe de rite catholique romain, c\u00e9l\u00e9br\u00e9e en fran\u00e7ais, par des pr\u00eatres de la paroisse, des pr\u00eatres invit\u00e9s ou des \u00e9v\u00eaques. Elle a la particularit\u00e9 de rassembler une assistance diversifi\u00e9e et jeune, locale et plus lointaine, pris\u00e9e par son horaire tardif pratique pour ceux qui profitent de la nature en journ\u00e9e, pour les \u00e9tudiants qui r\u00e9visent tout le weekend, pour les professionnels qui doivent travailler le weekend, ou pour les adeptes du r\u00e9pertoire du renouveau et des liturgies soign\u00e9es.<\/p>\n\n\n\n<p>Nous choisissons avec soin les chants en fonction de la p\u00e9riode liturgique travers\u00e9e, des textes du jour, des f\u00eates et solennit\u00e9s. Ensuite, nous pr\u00e9parons de notre mieux chaque morceau, en g\u00e9n\u00e9ral en polyphonie, avec ou sans instrumentation, voire soliste. Ces messes ne sont pas des concerts : nous voulons soutenir la pri\u00e8re et encourager le chant de l\u2019assembl\u00e9e, c\u2019est pourquoi nous prenons habituellement 2-3 dimanches le m\u00eame chant afin que l\u2019assembl\u00e9e fasse choeur avec nous. Notre r\u00e9pertoire s&rsquo;appuie essentiellement sur celui de la Communaut\u00e9 de l\u2019Emmanuel, auxquels se joignent quelques chants de Jean-Baptiste du Jonchay, Dei Amoris Cantores, Chemin Neuf, Verbe de Vie\u2026<\/p>\n\n\n\n<p><br><\/p>\n\n\n\n<figure class=\"wp-block-image size-large\"><img loading=\"lazy\" width=\"1024\" height=\"683\" src=\"https:\/\/www.musique-et-mission.ch\/wp-content\/uploads\/2022\/12\/IMG_3831-1024x683.jpg\" alt=\"\" class=\"wp-image-691\" srcset=\"https:\/\/www.musique-et-mission.ch\/wp-content\/uploads\/2022\/12\/IMG_3831-1024x683.jpg 1024w, https:\/\/www.musique-et-mission.ch\/wp-content\/uploads\/2022\/12\/IMG_3831-300x200.jpg 300w, https:\/\/www.musique-et-mission.ch\/wp-content\/uploads\/2022\/12\/IMG_3831-768x512.jpg 768w, https:\/\/www.musique-et-mission.ch\/wp-content\/uploads\/2022\/12\/IMG_3831-1536x1024.jpg 1536w, https:\/\/www.musique-et-mission.ch\/wp-content\/uploads\/2022\/12\/IMG_3831-2048x1365.jpg 2048w, https:\/\/www.musique-et-mission.ch\/wp-content\/uploads\/2022\/12\/IMG_3831-920x613.jpg 920w, https:\/\/www.musique-et-mission.ch\/wp-content\/uploads\/2022\/12\/IMG_3831-230x153.jpg 230w, https:\/\/www.musique-et-mission.ch\/wp-content\/uploads\/2022\/12\/IMG_3831-350x233.jpg 350w, https:\/\/www.musique-et-mission.ch\/wp-content\/uploads\/2022\/12\/IMG_3831-480x320.jpg 480w\" sizes=\"(max-width: 1024px) 100vw, 1024px\" \/><figcaption><em>Ils sont au top ces servants de messe !<\/em><\/figcaption><\/figure>\n","protected":false},"excerpt":{"rendered":"<p>La messe des jeunes de Lausanne, n\u00e9e &#8211; ou ren\u00e9e &#8211; en [&hellip;]<\/p>\n","protected":false},"author":4,"featured_media":65,"parent":0,"menu_order":0,"comment_status":"closed","ping_status":"closed","template":"page-templates\/page_fullwidth.php","meta":[],"_links":{"self":[{"href":"https:\/\/www.musique-et-mission.ch\/index.php\/wp-json\/wp\/v2\/pages\/24"}],"collection":[{"href":"https:\/\/www.musique-et-mission.ch\/index.php\/wp-json\/wp\/v2\/pages"}],"about":[{"href":"https:\/\/www.musique-et-mission.ch\/index.php\/wp-json\/wp\/v2\/types\/page"}],"author":[{"embeddable":true,"href":"https:\/\/www.musique-et-mission.ch\/index.php\/wp-json\/wp\/v2\/users\/4"}],"replies":[{"embeddable":true,"href":"https:\/\/www.musique-et-mission.ch\/index.php\/wp-json\/wp\/v2\/comments?post=24"}],"version-history":[{"count":10,"href":"https:\/\/www.musique-et-mission.ch\/index.php\/wp-json\/wp\/v2\/pages\/24\/revisions"}],"predecessor-version":[{"id":782,"href":"https:\/\/www.musique-et-mission.ch\/index.php\/wp-json\/wp\/v2\/pages\/24\/revisions\/782"}],"wp:featuredmedia":[{"embeddable":true,"href":"https:\/\/www.musique-et-mission.ch\/index.php\/wp-json\/wp\/v2\/media\/65"}],"wp:attachment":[{"href":"https:\/\/www.musique-et-mission.ch\/index.php\/wp-json\/wp\/v2\/media?parent=24"}],"curies":[{"name":"wp","href":"https:\/\/api.w.org\/{rel}","templated":true}]}}