{"id":44,"date":"2019-08-24T22:06:20","date_gmt":"2019-08-24T20:06:20","guid":{"rendered":"http:\/\/www.test-musique-et-mission.ch\/wp52\/?page_id=44"},"modified":"2025-03-23T10:48:08","modified_gmt":"2025-03-23T09:48:08","slug":"mariages","status":"publish","type":"page","link":"https:\/\/www.musique-et-mission.ch\/index.php\/mariages\/","title":{"rendered":"Messes de mariages"},"content":{"rendered":"\t\t<div data-elementor-type=\"wp-page\" data-elementor-id=\"44\" class=\"elementor elementor-44\">\n\t\t\t\t\t\t\t\t\t<section class=\"elementor-section elementor-top-section elementor-element elementor-element-7bee3f0 elementor-section-boxed elementor-section-height-default elementor-section-height-default\" data-id=\"7bee3f0\" data-element_type=\"section\">\n\t\t\t\t\t\t<div class=\"elementor-container elementor-column-gap-default\">\n\t\t\t\t\t<div class=\"elementor-column elementor-col-100 elementor-top-column elementor-element elementor-element-f0867b4\" data-id=\"f0867b4\" data-element_type=\"column\">\n\t\t\t<div class=\"elementor-widget-wrap elementor-element-populated\">\n\t\t\t\t\t\t\t\t<div class=\"elementor-element elementor-element-0fc8aa4 elementor-widget elementor-widget-text-editor\" data-id=\"0fc8aa4\" data-element_type=\"widget\" data-widget_type=\"text-editor.default\">\n\t\t\t\t<div class=\"elementor-widget-container\">\n\t\t\t<style>\/*! elementor - v3.6.7 - 03-07-2022 *\/\n.elementor-widget-text-editor.elementor-drop-cap-view-stacked .elementor-drop-cap{background-color:#818a91;color:#fff}.elementor-widget-text-editor.elementor-drop-cap-view-framed .elementor-drop-cap{color:#818a91;border:3px solid;background-color:transparent}.elementor-widget-text-editor:not(.elementor-drop-cap-view-default) .elementor-drop-cap{margin-top:8px}.elementor-widget-text-editor:not(.elementor-drop-cap-view-default) .elementor-drop-cap-letter{width:1em;height:1em}.elementor-widget-text-editor .elementor-drop-cap{float:left;text-align:center;line-height:1;font-size:50px}.elementor-widget-text-editor .elementor-drop-cap-letter{display:inline-block}<\/style>\t\t\t\t<p>Outre l\u2019animation liturgique et musicale de la messe de 19h30 \u00e0 Renens, nous proposons nos services lors de solennit\u00e9s \u00e0 travers les paroisses du Grand Lausanne : renfort de la chorale lors de la venue du Pape \u00e0 Gen\u00e8ve en 2018, mont\u00e9e vers P\u00e2ques \u00e0 Fribourg avec la fraternit\u00e9 Eucharistein, veill\u00e9e de Pentec\u00f4te 2019 \u00e0 Lausanne. Nous animons \u00e9galement r\u00e9guli\u00e8rement une messe radiodiffus\u00e9e chaque ann\u00e9e.<\/p><p>En compl\u00e9ment de ces engagements b\u00e9n\u00e9voles, nous proposons aussi l\u2019animation musicale de messes de mariage. L\u2019organisation \u00e9tant souvent fastidieuse, nous privil\u00e9gions un contact tr\u00e8s en amont de la date pr\u00e9vue selon des conditions d\u00e9finies. Nous disposons d\u2019un r\u00e9pertoire large et vari\u00e9 et pouvons nous adjoindre les services de musiciens si n\u00e9cessaire.<\/p><p>Nous demandons une contribution pour ce genre d&rsquo;\u00e9v\u00e8nement, qui permet de financer nos frais de fonctionnement (formation, enseignements, mat\u00e9riel)<\/p><p>N&rsquo;h\u00e9sitez pas \u00e0 utiliser le formulaire de contact pour toute demande.<\/p>\t\t\t\t\t\t<\/div>\n\t\t\t\t<\/div>\n\t\t\t\t\t<\/div>\n\t\t<\/div>\n\t\t\t\t\t\t\t<\/div>\n\t\t<\/section>\n\t\t\t\t<section class=\"elementor-section elementor-top-section elementor-element elementor-element-d634c65 elementor-section-boxed elementor-section-height-default elementor-section-height-default\" data-id=\"d634c65\" data-element_type=\"section\">\n\t\t\t\t\t\t<div class=\"elementor-container elementor-column-gap-default\">\n\t\t\t\t\t<div class=\"elementor-column elementor-col-100 elementor-top-column elementor-element elementor-element-8809cb8\" data-id=\"8809cb8\" data-element_type=\"column\">\n\t\t\t<div class=\"elementor-widget-wrap elementor-element-populated\">\n\t\t\t\t\t\t\t\t<div class=\"elementor-element elementor-element-72ea0a4 elementor-widget elementor-widget-image\" data-id=\"72ea0a4\" data-element_type=\"widget\" data-widget_type=\"image.default\">\n\t\t\t\t<div class=\"elementor-widget-container\">\n\t\t\t<style>\/*! elementor - v3.6.7 - 03-07-2022 *\/\n.elementor-widget-image{text-align:center}.elementor-widget-image a{display:inline-block}.elementor-widget-image a img[src$=\".svg\"]{width:48px}.elementor-widget-image img{vertical-align:middle;display:inline-block}<\/style>\t\t\t\t\t\t\t\t\t<figure class=\"wp-caption\">\n\t\t\t\t\t\t\t\t\t\t<img width=\"1000\" height=\"667\" src=\"https:\/\/www.musique-et-mission.ch\/wp-content\/uploads\/2022\/12\/IMG_3832.png\" class=\"attachment-large size-large\" alt=\"\" loading=\"lazy\" srcset=\"https:\/\/www.musique-et-mission.ch\/wp-content\/uploads\/2022\/12\/IMG_3832.png 1000w, https:\/\/www.musique-et-mission.ch\/wp-content\/uploads\/2022\/12\/IMG_3832-300x200.png 300w, https:\/\/www.musique-et-mission.ch\/wp-content\/uploads\/2022\/12\/IMG_3832-768x512.png 768w, https:\/\/www.musique-et-mission.ch\/wp-content\/uploads\/2022\/12\/IMG_3832-920x614.png 920w, https:\/\/www.musique-et-mission.ch\/wp-content\/uploads\/2022\/12\/IMG_3832-230x153.png 230w, https:\/\/www.musique-et-mission.ch\/wp-content\/uploads\/2022\/12\/IMG_3832-350x233.png 350w, https:\/\/www.musique-et-mission.ch\/wp-content\/uploads\/2022\/12\/IMG_3832-480x320.png 480w\" sizes=\"(max-width: 1000px) 100vw, 1000px\" \/>\t\t\t\t\t\t\t\t\t\t\t<figcaption class=\"widget-image-caption wp-caption-text\">Il y en a m\u00eame qui se sont mari\u00e9s apr\u00e8s s'\u00eatre rencontr\u00e9s dans le choeur...<\/figcaption>\n\t\t\t\t\t\t\t\t\t\t<\/figure>\n\t\t\t\t\t\t\t\t\t<\/div>\n\t\t\t\t<\/div>\n\t\t\t\t\t<\/div>\n\t\t<\/div>\n\t\t\t\t\t\t\t<\/div>\n\t\t<\/section>\n\t\t\t\t\t\t\t<\/div>\n\t\t","protected":false},"excerpt":{"rendered":"<p>Outre l\u2019animation liturgique et musicale de la messe de 19h30 \u00e0 Renens, [&hellip;]<\/p>\n","protected":false},"author":4,"featured_media":0,"parent":0,"menu_order":0,"comment_status":"closed","ping_status":"closed","template":"page-templates\/page_fullwidth.php","meta":[],"_links":{"self":[{"href":"https:\/\/www.musique-et-mission.ch\/index.php\/wp-json\/wp\/v2\/pages\/44"}],"collection":[{"href":"https:\/\/www.musique-et-mission.ch\/index.php\/wp-json\/wp\/v2\/pages"}],"about":[{"href":"https:\/\/www.musique-et-mission.ch\/index.php\/wp-json\/wp\/v2\/types\/page"}],"author":[{"embeddable":true,"href":"https:\/\/www.musique-et-mission.ch\/index.php\/wp-json\/wp\/v2\/users\/4"}],"replies":[{"embeddable":true,"href":"https:\/\/www.musique-et-mission.ch\/index.php\/wp-json\/wp\/v2\/comments?post=44"}],"version-history":[{"count":21,"href":"https:\/\/www.musique-et-mission.ch\/index.php\/wp-json\/wp\/v2\/pages\/44\/revisions"}],"predecessor-version":[{"id":780,"href":"https:\/\/www.musique-et-mission.ch\/index.php\/wp-json\/wp\/v2\/pages\/44\/revisions\/780"}],"wp:attachment":[{"href":"https:\/\/www.musique-et-mission.ch\/index.php\/wp-json\/wp\/v2\/media?parent=44"}],"curies":[{"name":"wp","href":"https:\/\/api.w.org\/{rel}","templated":true}]}}