{"id":61,"date":"2019-08-25T11:17:45","date_gmt":"2019-08-25T09:17:45","guid":{"rendered":"http:\/\/www.test-musique-et-mission.ch\/wp52\/?page_id=61"},"modified":"2025-03-23T11:06:42","modified_gmt":"2025-03-23T10:06:42","slug":"accueil","status":"publish","type":"page","link":"https:\/\/www.musique-et-mission.ch\/","title":{"rendered":"Accueil"},"content":{"rendered":"\t\t<div data-elementor-type=\"wp-page\" data-elementor-id=\"61\" class=\"elementor elementor-61\">\n\t\t\t\t\t\t\t\t\t<section class=\"elementor-section elementor-top-section elementor-element elementor-element-f1ce534 elementor-section-boxed elementor-section-height-default elementor-section-height-default\" data-id=\"f1ce534\" data-element_type=\"section\">\n\t\t\t\t\t\t<div class=\"elementor-container elementor-column-gap-default\">\n\t\t\t\t\t<div class=\"elementor-column elementor-col-100 elementor-top-column elementor-element elementor-element-f4954d7\" data-id=\"f4954d7\" data-element_type=\"column\">\n\t\t\t<div class=\"elementor-widget-wrap\">\n\t\t\t\t\t\t\t\t\t<\/div>\n\t\t<\/div>\n\t\t\t\t\t\t\t<\/div>\n\t\t<\/section>\n\t\t\t\t<section class=\"elementor-section elementor-top-section elementor-element elementor-element-61615d8 elementor-section-boxed elementor-section-height-default elementor-section-height-default\" data-id=\"61615d8\" data-element_type=\"section\">\n\t\t\t\t\t\t<div class=\"elementor-container elementor-column-gap-default\">\n\t\t\t\t\t<div class=\"elementor-column elementor-col-100 elementor-top-column elementor-element elementor-element-94a026b\" data-id=\"94a026b\" data-element_type=\"column\">\n\t\t\t<div class=\"elementor-widget-wrap elementor-element-populated\">\n\t\t\t\t\t\t\t\t<div class=\"elementor-element elementor-element-a8ad8dc elementor-widget elementor-widget-spacer\" data-id=\"a8ad8dc\" data-element_type=\"widget\" data-widget_type=\"spacer.default\">\n\t\t\t\t<div class=\"elementor-widget-container\">\n\t\t\t<style>\/*! elementor - v3.6.7 - 03-07-2022 *\/\n.e-container.e-container--row .elementor-spacer-inner{width:var(--spacer-size)}.e-container.e-container--column .elementor-spacer-inner,.elementor-column .elementor-spacer-inner{height:var(--spacer-size)}<\/style>\t\t<div class=\"elementor-spacer\">\n\t\t\t<div class=\"elementor-spacer-inner\"><\/div>\n\t\t<\/div>\n\t\t\t\t<\/div>\n\t\t\t\t<\/div>\n\t\t\t\t<div class=\"elementor-element elementor-element-2be9fed elementor-widget elementor-widget-image\" data-id=\"2be9fed\" data-element_type=\"widget\" data-widget_type=\"image.default\">\n\t\t\t\t<div class=\"elementor-widget-container\">\n\t\t\t<style>\/*! elementor - v3.6.7 - 03-07-2022 *\/\n.elementor-widget-image{text-align:center}.elementor-widget-image a{display:inline-block}.elementor-widget-image a img[src$=\".svg\"]{width:48px}.elementor-widget-image img{vertical-align:middle;display:inline-block}<\/style>\t\t\t\t\t\t\t\t\t\t\t\t<img width=\"1024\" height=\"683\" src=\"https:\/\/www.musique-et-mission.ch\/wp-content\/uploads\/2022\/12\/IMG_3698-1024x683.png\" class=\"attachment-large size-large\" alt=\"\" loading=\"lazy\" srcset=\"https:\/\/www.musique-et-mission.ch\/wp-content\/uploads\/2022\/12\/IMG_3698-1024x683.png 1024w, https:\/\/www.musique-et-mission.ch\/wp-content\/uploads\/2022\/12\/IMG_3698-300x200.png 300w, https:\/\/www.musique-et-mission.ch\/wp-content\/uploads\/2022\/12\/IMG_3698-768x512.png 768w, https:\/\/www.musique-et-mission.ch\/wp-content\/uploads\/2022\/12\/IMG_3698-1536x1024.png 1536w, https:\/\/www.musique-et-mission.ch\/wp-content\/uploads\/2022\/12\/IMG_3698-2048x1365.png 2048w, https:\/\/www.musique-et-mission.ch\/wp-content\/uploads\/2022\/12\/IMG_3698-920x613.png 920w, https:\/\/www.musique-et-mission.ch\/wp-content\/uploads\/2022\/12\/IMG_3698-230x153.png 230w, https:\/\/www.musique-et-mission.ch\/wp-content\/uploads\/2022\/12\/IMG_3698-350x233.png 350w, https:\/\/www.musique-et-mission.ch\/wp-content\/uploads\/2022\/12\/IMG_3698-480x320.png 480w\" sizes=\"(max-width: 1024px) 100vw, 1024px\" \/>\t\t\t\t\t\t\t\t\t\t\t\t\t\t\t<\/div>\n\t\t\t\t<\/div>\n\t\t\t\t\t<\/div>\n\t\t<\/div>\n\t\t\t\t\t\t\t<\/div>\n\t\t<\/section>\n\t\t\t\t<section class=\"elementor-section elementor-top-section elementor-element elementor-element-a7c6515 elementor-section-boxed elementor-section-height-default elementor-section-height-default\" data-id=\"a7c6515\" data-element_type=\"section\">\n\t\t\t\t\t\t<div class=\"elementor-container elementor-column-gap-default\">\n\t\t\t\t\t<div class=\"elementor-column elementor-col-100 elementor-top-column elementor-element elementor-element-e8145d5\" data-id=\"e8145d5\" data-element_type=\"column\">\n\t\t\t<div class=\"elementor-widget-wrap elementor-element-populated\">\n\t\t\t\t\t\t\t\t<div class=\"elementor-element elementor-element-bc770b0 elementor-widget elementor-widget-text-editor\" data-id=\"bc770b0\" data-element_type=\"widget\" data-widget_type=\"text-editor.default\">\n\t\t\t\t<div class=\"elementor-widget-container\">\n\t\t\t<style>\/*! elementor - v3.6.7 - 03-07-2022 *\/\n.elementor-widget-text-editor.elementor-drop-cap-view-stacked .elementor-drop-cap{background-color:#818a91;color:#fff}.elementor-widget-text-editor.elementor-drop-cap-view-framed .elementor-drop-cap{color:#818a91;border:3px solid;background-color:transparent}.elementor-widget-text-editor:not(.elementor-drop-cap-view-default) .elementor-drop-cap{margin-top:8px}.elementor-widget-text-editor:not(.elementor-drop-cap-view-default) .elementor-drop-cap-letter{width:1em;height:1em}.elementor-widget-text-editor .elementor-drop-cap{float:left;text-align:center;line-height:1;font-size:50px}.elementor-widget-text-editor .elementor-drop-cap-letter{display:inline-block}<\/style>\t\t\t\t<h3>Bonjour, nous sommes M&amp;M<\/h3><p align=\"JUSTIFY\">Musique et Mission ? C&rsquo;est un groupe d&rsquo;\u00e9tudiants et de jeunes professionnels catholiques, qui aide \u00e0 animer la messe de 20h \u00e0 St Fran\u00e7ois d&rsquo;Assise de Renens, pour la plus grande gloire de Dieu.<\/p><p align=\"JUSTIFY\">Chanteur, chanteuse ? Instrumentiste\u00a0? Servant de messe ? Lecteur, lectrice ? Sp\u00e9cialiste de la technique\u00a0? N&rsquo;h\u00e9site pas \u00e0 te faire conna\u00eetre gr\u00e2ce au formulaire\u00a0: nous rejoindre\u00a0!<\/p>\t\t\t\t\t\t<\/div>\n\t\t\t\t<\/div>\n\t\t\t\t\t<\/div>\n\t\t<\/div>\n\t\t\t\t\t\t\t<\/div>\n\t\t<\/section>\n\t\t\t\t<section class=\"elementor-section elementor-top-section elementor-element elementor-element-ed6e3db elementor-section-boxed elementor-section-height-default elementor-section-height-default\" data-id=\"ed6e3db\" data-element_type=\"section\">\n\t\t\t\t\t\t<div class=\"elementor-container elementor-column-gap-default\">\n\t\t\t\t\t<div class=\"elementor-column elementor-col-100 elementor-top-column elementor-element elementor-element-818f975\" data-id=\"818f975\" data-element_type=\"column\">\n\t\t\t<div class=\"elementor-widget-wrap elementor-element-populated\">\n\t\t\t\t\t\t\t\t<div class=\"elementor-element elementor-element-6965714 elementor-widget elementor-widget-image\" data-id=\"6965714\" data-element_type=\"widget\" data-widget_type=\"image.default\">\n\t\t\t\t<div class=\"elementor-widget-container\">\n\t\t\t\t\t\t\t\t\t\t\t\t\t\t\t<img width=\"691\" height=\"460\" src=\"https:\/\/www.musique-et-mission.ch\/wp-content\/uploads\/2022\/12\/IMG_3829@02x.png\" class=\"attachment-large size-large\" alt=\"\" loading=\"lazy\" srcset=\"https:\/\/www.musique-et-mission.ch\/wp-content\/uploads\/2022\/12\/IMG_3829@02x.png 691w, https:\/\/www.musique-et-mission.ch\/wp-content\/uploads\/2022\/12\/IMG_3829@02x-300x200.png 300w, https:\/\/www.musique-et-mission.ch\/wp-content\/uploads\/2022\/12\/IMG_3829@02x-230x153.png 230w, https:\/\/www.musique-et-mission.ch\/wp-content\/uploads\/2022\/12\/IMG_3829@02x-350x233.png 350w, https:\/\/www.musique-et-mission.ch\/wp-content\/uploads\/2022\/12\/IMG_3829@02x-480x320.png 480w\" sizes=\"(max-width: 691px) 100vw, 691px\" \/>\t\t\t\t\t\t\t\t\t\t\t\t\t\t\t<\/div>\n\t\t\t\t<\/div>\n\t\t\t\t<div class=\"elementor-element elementor-element-1ae398e elementor-widget elementor-widget-spacer\" data-id=\"1ae398e\" data-element_type=\"widget\" data-widget_type=\"spacer.default\">\n\t\t\t\t<div class=\"elementor-widget-container\">\n\t\t\t\t\t<div class=\"elementor-spacer\">\n\t\t\t<div class=\"elementor-spacer-inner\"><\/div>\n\t\t<\/div>\n\t\t\t\t<\/div>\n\t\t\t\t<\/div>\n\t\t\t\t\t<\/div>\n\t\t<\/div>\n\t\t\t\t\t\t\t<\/div>\n\t\t<\/section>\n\t\t\t\t<section class=\"elementor-section elementor-top-section elementor-element elementor-element-26a2019 elementor-section-boxed elementor-section-height-default elementor-section-height-default\" data-id=\"26a2019\" data-element_type=\"section\">\n\t\t\t\t\t\t<div class=\"elementor-container elementor-column-gap-default\">\n\t\t\t\t\t<div class=\"elementor-column elementor-col-100 elementor-top-column elementor-element elementor-element-e848db6\" data-id=\"e848db6\" data-element_type=\"column\">\n\t\t\t<div class=\"elementor-widget-wrap elementor-element-populated\">\n\t\t\t\t\t\t\t\t<section class=\"elementor-section elementor-inner-section elementor-element elementor-element-84e3ef5 elementor-section-boxed elementor-section-height-default elementor-section-height-default\" data-id=\"84e3ef5\" data-element_type=\"section\">\n\t\t\t\t\t\t<div class=\"elementor-container elementor-column-gap-default\">\n\t\t\t\t\t<div class=\"elementor-column elementor-col-50 elementor-inner-column elementor-element elementor-element-ee4bba7\" data-id=\"ee4bba7\" data-element_type=\"column\">\n\t\t\t<div class=\"elementor-widget-wrap elementor-element-populated\">\n\t\t\t\t\t\t\t\t<div class=\"elementor-element elementor-element-6d7d6b4 elementor-position-top elementor-vertical-align-top elementor-widget elementor-widget-image-box\" data-id=\"6d7d6b4\" data-element_type=\"widget\" data-widget_type=\"image-box.default\">\n\t\t\t\t<div class=\"elementor-widget-container\">\n\t\t\t<style>\/*! elementor - v3.6.7 - 03-07-2022 *\/\n.elementor-widget-image-box .elementor-image-box-content{width:100%}@media (min-width:768px){.elementor-widget-image-box.elementor-position-left .elementor-image-box-wrapper,.elementor-widget-image-box.elementor-position-right .elementor-image-box-wrapper{display:-webkit-box;display:-ms-flexbox;display:flex}.elementor-widget-image-box.elementor-position-right .elementor-image-box-wrapper{text-align:right;-webkit-box-orient:horizontal;-webkit-box-direction:reverse;-ms-flex-direction:row-reverse;flex-direction:row-reverse}.elementor-widget-image-box.elementor-position-left .elementor-image-box-wrapper{text-align:left;-webkit-box-orient:horizontal;-webkit-box-direction:normal;-ms-flex-direction:row;flex-direction:row}.elementor-widget-image-box.elementor-position-top .elementor-image-box-img{margin:auto}.elementor-widget-image-box.elementor-vertical-align-top .elementor-image-box-wrapper{-webkit-box-align:start;-ms-flex-align:start;align-items:flex-start}.elementor-widget-image-box.elementor-vertical-align-middle .elementor-image-box-wrapper{-webkit-box-align:center;-ms-flex-align:center;align-items:center}.elementor-widget-image-box.elementor-vertical-align-bottom .elementor-image-box-wrapper{-webkit-box-align:end;-ms-flex-align:end;align-items:flex-end}}@media (max-width:767px){.elementor-widget-image-box .elementor-image-box-img{margin-left:auto!important;margin-right:auto!important;margin-bottom:15px}}.elementor-widget-image-box .elementor-image-box-img{display:inline-block}.elementor-widget-image-box .elementor-image-box-title a{color:inherit}.elementor-widget-image-box .elementor-image-box-wrapper{text-align:center}.elementor-widget-image-box .elementor-image-box-description{margin:0}<\/style><div class=\"elementor-image-box-wrapper\"><figure class=\"elementor-image-box-img\"><img width=\"512\" height=\"512\" src=\"https:\/\/www.musique-et-mission.ch\/wp-content\/uploads\/2020\/04\/audio-video-outline-play-512.png\" class=\"attachment-full size-full\" alt=\"\" loading=\"lazy\" \/><\/figure><div class=\"elementor-image-box-content\"><h3 class=\"elementor-image-box-title\">Notre musique<\/h3><p class=\"elementor-image-box-description\">Vous h\u00e9sitez \u00e0 nous rejoindre? Laissez-vous tenter en \u00e9coutant quelques chants enregistr\u00e9s!<\/p><\/div><\/div>\t\t<\/div>\n\t\t\t\t<\/div>\n\t\t\t\t\t<\/div>\n\t\t<\/div>\n\t\t\t\t<div class=\"elementor-column elementor-col-50 elementor-inner-column elementor-element elementor-element-964ab8b\" data-id=\"964ab8b\" data-element_type=\"column\">\n\t\t\t<div class=\"elementor-widget-wrap elementor-element-populated\">\n\t\t\t\t\t\t\t\t<div class=\"elementor-element elementor-element-11f26b6 elementor-widget elementor-widget-wp-widget-media_audio\" data-id=\"11f26b6\" data-element_type=\"widget\" data-widget_type=\"wp-widget-media_audio.default\">\n\t\t\t\t<div class=\"elementor-widget-container\">\n\t\t\t<h5>Chantez avec moi le Seigneur<\/h5><!--[if lt IE 9]><script>document.createElement('audio');<\/script><![endif]-->\n<audio class=\"wp-audio-shortcode\" id=\"audio-61-1\" preload=\"none\" style=\"width: 100%;\" controls=\"controls\"><source type=\"audio\/mpeg\" src=\"https:\/\/www.musique-et-mission.ch\/wp-content\/uploads\/2020\/04\/MetM-Chantez-avec-moi-le-Seigneur.mp3?_=1\" \/><source type=\"audio\/mpeg\" src=\"http:\/\/www.test-musique-et-mission.ch\/wp52\/wp-content\/uploads\/2020\/04\/MetM-Chantez-avec-moi-le-Seigneur.mp3?_=1\" \/><a href=\"https:\/\/www.musique-et-mission.ch\/wp-content\/uploads\/2020\/04\/MetM-Chantez-avec-moi-le-Seigneur.mp3\">https:\/\/www.musique-et-mission.ch\/wp-content\/uploads\/2020\/04\/MetM-Chantez-avec-moi-le-Seigneur.mp3<\/a><\/audio>\t\t<\/div>\n\t\t\t\t<\/div>\n\t\t\t\t<div class=\"elementor-element elementor-element-a3d4efb elementor-widget elementor-widget-wp-widget-media_audio\" data-id=\"a3d4efb\" data-element_type=\"widget\" data-widget_type=\"wp-widget-media_audio.default\">\n\t\t\t\t<div class=\"elementor-widget-container\">\n\t\t\t<h5>Jubilez, criez de joie<\/h5><audio class=\"wp-audio-shortcode\" id=\"audio-61-2\" preload=\"none\" style=\"width: 100%;\" controls=\"controls\"><source type=\"audio\/mpeg\" src=\"https:\/\/www.musique-et-mission.ch\/wp-content\/uploads\/2020\/04\/MetM-Jubilez-Criez-de-Joie-HQ.mp3?_=2\" \/><source type=\"audio\/mpeg\" src=\"http:\/\/www.test-musique-et-mission.ch\/wp52\/wp-content\/uploads\/2020\/04\/MetM-Jubilez-Criez-de-Joie-HQ.mp3?_=2\" \/><a href=\"https:\/\/www.musique-et-mission.ch\/wp-content\/uploads\/2020\/04\/MetM-Jubilez-Criez-de-Joie-HQ.mp3\">https:\/\/www.musique-et-mission.ch\/wp-content\/uploads\/2020\/04\/MetM-Jubilez-Criez-de-Joie-HQ.mp3<\/a><\/audio>\t\t<\/div>\n\t\t\t\t<\/div>\n\t\t\t\t<div class=\"elementor-element elementor-element-16b7097 elementor-widget elementor-widget-wp-widget-media_audio\" data-id=\"16b7097\" data-element_type=\"widget\" data-widget_type=\"wp-widget-media_audio.default\">\n\t\t\t\t<div class=\"elementor-widget-container\">\n\t\t\t<h5>J\u00e9sus est le chemin<\/h5><audio class=\"wp-audio-shortcode\" id=\"audio-61-3\" preload=\"none\" style=\"width: 100%;\" controls=\"controls\"><source type=\"audio\/mpeg\" src=\"https:\/\/www.musique-et-mission.ch\/wp-content\/uploads\/2020\/04\/MetM-Je\u0301sus-est-le-chemin-HQ.mp3?_=3\" \/><source type=\"audio\/mpeg\" src=\"http:\/\/www.test-musique-et-mission.ch\/wp52\/wp-content\/uploads\/2020\/04\/MetM-Je\u0301sus-est-le-chemin-HQ.mp3?_=3\" \/><a href=\"https:\/\/www.musique-et-mission.ch\/wp-content\/uploads\/2020\/04\/MetM-Je\u0301sus-est-le-chemin-HQ.mp3\">https:\/\/www.musique-et-mission.ch\/wp-content\/uploads\/2020\/04\/MetM-Je\u0301sus-est-le-chemin-HQ.mp3<\/a><\/audio>\t\t<\/div>\n\t\t\t\t<\/div>\n\t\t\t\t\t<\/div>\n\t\t<\/div>\n\t\t\t\t\t\t\t<\/div>\n\t\t<\/section>\n\t\t\t\t\t<\/div>\n\t\t<\/div>\n\t\t\t\t\t\t\t<\/div>\n\t\t<\/section>\n\t\t\t\t<section class=\"elementor-section elementor-top-section elementor-element elementor-element-7582bf7 elementor-section-boxed elementor-section-height-default elementor-section-height-default\" data-id=\"7582bf7\" data-element_type=\"section\">\n\t\t\t\t\t\t<div class=\"elementor-container elementor-column-gap-default\">\n\t\t\t\t\t<div class=\"elementor-column elementor-col-100 elementor-top-column elementor-element elementor-element-4eb72f2\" data-id=\"4eb72f2\" data-element_type=\"column\">\n\t\t\t<div class=\"elementor-widget-wrap elementor-element-populated\">\n\t\t\t\t\t\t\t\t<div class=\"elementor-element elementor-element-8eb67f6 elementor-widget elementor-widget-spacer\" data-id=\"8eb67f6\" data-element_type=\"widget\" data-widget_type=\"spacer.default\">\n\t\t\t\t<div class=\"elementor-widget-container\">\n\t\t\t\t\t<div class=\"elementor-spacer\">\n\t\t\t<div class=\"elementor-spacer-inner\"><\/div>\n\t\t<\/div>\n\t\t\t\t<\/div>\n\t\t\t\t<\/div>\n\t\t\t\t\t<\/div>\n\t\t<\/div>\n\t\t\t\t\t\t\t<\/div>\n\t\t<\/section>\n\t\t\t\t<section class=\"elementor-section elementor-top-section elementor-element elementor-element-3957577 elementor-section-boxed elementor-section-height-default elementor-section-height-default\" data-id=\"3957577\" data-element_type=\"section\">\n\t\t\t\t\t\t<div class=\"elementor-container elementor-column-gap-default\">\n\t\t\t\t\t<div class=\"elementor-column elementor-col-100 elementor-top-column elementor-element elementor-element-566339c\" data-id=\"566339c\" data-element_type=\"column\">\n\t\t\t<div class=\"elementor-widget-wrap\">\n\t\t\t\t\t\t\t\t\t<\/div>\n\t\t<\/div>\n\t\t\t\t\t\t\t<\/div>\n\t\t<\/section>\n\t\t\t\t\t\t\t<\/div>\n\t\t","protected":false},"excerpt":{"rendered":"<p>Bonjour, nous sommes M&amp;M Musique et Mission ? C&rsquo;est un groupe d&rsquo;\u00e9tudiants [&hellip;]<\/p>\n","protected":false},"author":4,"featured_media":0,"parent":0,"menu_order":0,"comment_status":"closed","ping_status":"closed","template":"page-templates\/page_front-page.php","meta":[],"_links":{"self":[{"href":"https:\/\/www.musique-et-mission.ch\/index.php\/wp-json\/wp\/v2\/pages\/61"}],"collection":[{"href":"https:\/\/www.musique-et-mission.ch\/index.php\/wp-json\/wp\/v2\/pages"}],"about":[{"href":"https:\/\/www.musique-et-mission.ch\/index.php\/wp-json\/wp\/v2\/types\/page"}],"author":[{"embeddable":true,"href":"https:\/\/www.musique-et-mission.ch\/index.php\/wp-json\/wp\/v2\/users\/4"}],"replies":[{"embeddable":true,"href":"https:\/\/www.musique-et-mission.ch\/index.php\/wp-json\/wp\/v2\/comments?post=61"}],"version-history":[{"count":49,"href":"https:\/\/www.musique-et-mission.ch\/index.php\/wp-json\/wp\/v2\/pages\/61\/revisions"}],"predecessor-version":[{"id":786,"href":"https:\/\/www.musique-et-mission.ch\/index.php\/wp-json\/wp\/v2\/pages\/61\/revisions\/786"}],"wp:attachment":[{"href":"https:\/\/www.musique-et-mission.ch\/index.php\/wp-json\/wp\/v2\/media?parent=61"}],"curies":[{"name":"wp","href":"https:\/\/api.w.org\/{rel}","templated":true}]}}